{"id":210,"date":"2013-07-08T09:47:00","date_gmt":"2013-07-08T09:47:00","guid":{"rendered":"http:\/\/www.sktthemes.net\/demo\/dentist\/?page_id=5"},"modified":"2018-05-22T22:47:41","modified_gmt":"2018-05-22T22:47:41","slug":"dr-name","status":"publish","type":"page","link":"https:\/\/ihrezahnaerztin.ch\/","title":{"rendered":"Philosophie"},"content":{"rendered":"<p>Unser Mund ist eines der wichtigsten Kommunikationsinstrumente. Ab dem ersten Tag unseres Lebens zeigen wir mit einem L\u00e4cheln, wenn wir uns gut f\u00fchlen. Die erste Kontaktaufnahme zwischen zwei Menschen geschieht meist mit einem L\u00e4cheln. Dazu geh\u00f6ren nat\u00fcrlich auch sch\u00f6ne und gesunde Z\u00e4hne. Sie verleihen uns ein besonderes Strahlen. Und f\u00fcr unsere wichtigste Alltagsbesch\u00e4ftigung sind sie unentbehrlich: das Essen. Mit gesunden Z\u00e4hnen essen Sie, was Sie wollen. Beissen Sie kr\u00e4ftig zu und geniessen Sie. Immer wieder sind Ihre Z\u00e4hne Belastungen ausgesetzt. S\u00e4uren, Tabakrauch, Kaffee und vieles Anderes greifen Ihre Z\u00e4hne an, verursachen Schmerzen und Verf\u00e4rbungen. Dem wirken wir gezielt entgegen.<br \/>\nMit meiner Erfahrung als diplomierte Zahn\u00e4rztin und modernster Technik stehe ich Ihnen zur Seite. Damit Ihr L\u00e4cheln Sie \u00fcberall dorthin bringt, wo Sie m\u00f6chten.<\/p>\n","protected":false},"excerpt":{"rendered":"<p>Unser Mund ist eines der wichtigsten Kommunikationsinstrumente. Ab dem ersten Tag unseres Lebens zeigen wir mit einem L\u00e4cheln, wenn wir uns gut f\u00fchlen. Die erste Kontaktaufnahme zwischen zwei Menschen geschieht meist mit einem L\u00e4cheln. Dazu geh\u00f6ren nat\u00fcrlich auch sch\u00f6ne und gesunde Z\u00e4hne. Sie verleihen uns ein besonderes Strahlen. Und f\u00fcr unsere wichtigste Alltagsbesch\u00e4ftigung sind sie&#8230; <\/p>\n","protected":false},"author":1,"featured_media":0,"parent":0,"menu_order":0,"comment_status":"closed","ping_status":"open","template":"","meta":{"footnotes":""},"class_list":["post-210","page","type-page","status-publish","hentry"],"_links":{"self":[{"href":"https:\/\/ihrezahnaerztin.ch\/index.php?rest_route=\/wp\/v2\/pages\/210","targetHints":{"allow":["GET"]}}],"collection":[{"href":"https:\/\/ihrezahnaerztin.ch\/index.php?rest_route=\/wp\/v2\/pages"}],"about":[{"href":"https:\/\/ihrezahnaerztin.ch\/index.php?rest_route=\/wp\/v2\/types\/page"}],"author":[{"embeddable":true,"href":"https:\/\/ihrezahnaerztin.ch\/index.php?rest_route=\/wp\/v2\/users\/1"}],"replies":[{"embeddable":true,"href":"https:\/\/ihrezahnaerztin.ch\/index.php?rest_route=%2Fwp%2Fv2%2Fcomments&post=210"}],"version-history":[{"count":3,"href":"https:\/\/ihrezahnaerztin.ch\/index.php?rest_route=\/wp\/v2\/pages\/210\/revisions"}],"predecessor-version":[{"id":331,"href":"https:\/\/ihrezahnaerztin.ch\/index.php?rest_route=\/wp\/v2\/pages\/210\/revisions\/331"}],"wp:attachment":[{"href":"https:\/\/ihrezahnaerztin.ch\/index.php?rest_route=%2Fwp%2Fv2%2Fmedia&parent=210"}],"curies":[{"name":"wp","href":"https:\/\/api.w.org\/{rel}","templated":true}]}}