{"id":218,"date":"2013-07-09T11:57:53","date_gmt":"2013-07-09T11:57:53","guid":{"rendered":"http:\/\/www.sktthemes.net\/demo\/dentist\/?page_id=53"},"modified":"2018-05-23T06:27:53","modified_gmt":"2018-05-23T06:27:53","slug":"shortcodes","status":"publish","type":"page","link":"https:\/\/ihrezahnaerztin.ch\/?page_id=218","title":{"rendered":"Notfall"},"content":{"rendered":"<p>Zahnunf\u00e4lle treten h\u00e4ufig zu den unpassendsten Gelegenheiten auf und versetzen vielfach alle Beteiligten in Angst und Schrecken. Dennoch sollten Sie Ruhe bewahren, \u00fcberlegt handeln und uns m\u00f6glichst fr\u00fchzeitig informieren:<br \/>\n&#8211; W\u00e4hrend unserer Praxis\u00f6ffnungszeiten\u00a0(Mo-Do 7:30-12:00 \/ 13:30-17:00, Fr 7:30-12:00) erreichen Sie uns unter der Telefonnummer 044 920 20 43<\/p>\n<p>&#8211; Ausserhalb der \u00d6ffnungszeiten sind wir f\u00fcr Notf\u00e4lle unserer Praxiskunden auch unter der Praxisnummer erreichbar<br \/>\n&#8211; Bei Nichterreichbarkeit wenden Sie sich bitte an den zahn\u00e4rztlichen Notfalldienst des Bezirks Meilen: 0848 000 027<\/p>\n<p>Was tun bei\u2026<\/p>\n<p>\u2026herausgeschlagenen Z\u00e4hnen<br \/>\nVersuchen Sie, den herausgeschlagenen Zahn in die Praxis mitzubringen. Es ist dabei wichtig, dass Sie den Zahn nicht an der Zahnwurzel ber\u00fchren und ihn m\u00f6glichst feucht lagern (z.B. in Milch, physiologischer Kochsalzl\u00f6sung oder in einer speziellen Zahnrettungsbox). Versuchen Sie nicht, den Zahn zu reinigen.<\/p>\n<p>\u2026starken Blutungen<br \/>\nKomprimieren Sie die Wunde mit einem sauberen Stofftaschentuch f\u00fcr mindestens 10-15 Minuten. Sollten Sie die Blutung damit nicht zum Stillstand bringen, kontaktieren Sie uns bitte umgehend.<\/p>\n<p>\u2026Zahnschmerzen<br \/>\nVersuchen Sie mit Hilfe von Schmerzmitteln und ev. kalten Umschl\u00e4gen den Schmerz etwas zu lindern und kontaktieren Sie uns w\u00e4hrend unserer Praxis\u00f6ffnungszeiten, damit wir Ihnen m\u00f6glichst rasch einen Behandlungstermin geben k\u00f6nnen .<\/p>\n<p>\u2026starken Schwellungen und Schmerzen im Mundbereich<br \/>\nVersuchen Sie uns unter der Praxis- oder gegebenenfalls Notfallnummer zu erreichen .<\/p>\n<p>\u2026bei herausgebrochenen F\u00fcllungen oder kleineren Zahnfrakturen<br \/>\nKontaktieren Sie uns zu unseren Praxis\u00f6ffnungszeiten.<\/p>\n","protected":false},"excerpt":{"rendered":"<p>Zahnunf\u00e4lle treten h\u00e4ufig zu den unpassendsten Gelegenheiten auf und versetzen vielfach alle Beteiligten in Angst und Schrecken. Dennoch sollten Sie Ruhe bewahren, \u00fcberlegt handeln und uns m\u00f6glichst fr\u00fchzeitig informieren: &#8211; W\u00e4hrend unserer Praxis\u00f6ffnungszeiten\u00a0(Mo-Do 7:30-12:00 \/ 13:30-17:00, Fr 7:30-12:00) erreichen Sie uns unter der Telefonnummer 044 920 20 43 &#8211; Ausserhalb der \u00d6ffnungszeiten sind wir f\u00fcr&#8230; <\/p>\n","protected":false},"author":1,"featured_media":0,"parent":0,"menu_order":0,"comment_status":"closed","ping_status":"open","template":"full-width.php","meta":{"footnotes":""},"class_list":["post-218","page","type-page","status-publish","hentry"],"_links":{"self":[{"href":"https:\/\/ihrezahnaerztin.ch\/index.php?rest_route=\/wp\/v2\/pages\/218","targetHints":{"allow":["GET"]}}],"collection":[{"href":"https:\/\/ihrezahnaerztin.ch\/index.php?rest_route=\/wp\/v2\/pages"}],"about":[{"href":"https:\/\/ihrezahnaerztin.ch\/index.php?rest_route=\/wp\/v2\/types\/page"}],"author":[{"embeddable":true,"href":"https:\/\/ihrezahnaerztin.ch\/index.php?rest_route=\/wp\/v2\/users\/1"}],"replies":[{"embeddable":true,"href":"https:\/\/ihrezahnaerztin.ch\/index.php?rest_route=%2Fwp%2Fv2%2Fcomments&post=218"}],"version-history":[{"count":4,"href":"https:\/\/ihrezahnaerztin.ch\/index.php?rest_route=\/wp\/v2\/pages\/218\/revisions"}],"predecessor-version":[{"id":346,"href":"https:\/\/ihrezahnaerztin.ch\/index.php?rest_route=\/wp\/v2\/pages\/218\/revisions\/346"}],"wp:attachment":[{"href":"https:\/\/ihrezahnaerztin.ch\/index.php?rest_route=%2Fwp%2Fv2%2Fmedia&parent=218"}],"curies":[{"name":"wp","href":"https:\/\/api.w.org\/{rel}","templated":true}]}}