{"id":223,"date":"2016-01-14T07:10:28","date_gmt":"2016-01-14T07:10:28","guid":{"rendered":"http:\/\/www.sktthemes.net\/demo\/dentist\/?page_id=218"},"modified":"2023-05-17T08:28:26","modified_gmt":"2023-05-17T08:28:26","slug":"pages-full-width","status":"publish","type":"page","link":"https:\/\/ihrezahnaerztin.ch\/?page_id=223","title":{"rendered":"Dr. Rosmarie Vanni"},"content":{"rendered":"<p>&nbsp;<\/p>\n<hr \/>\n<p><img loading=\"lazy\" decoding=\"async\" class=\"alignnone wp-image-360 size-medium\" src=\"https:\/\/ihrezahnaerztin.ch\/wp-content\/uploads\/2018\/06\/my-photo.ch__myp2627-210x300.jpg\" alt=\"\" width=\"210\" height=\"300\" srcset=\"https:\/\/ihrezahnaerztin.ch\/wp-content\/uploads\/2018\/06\/my-photo.ch__myp2627-210x300.jpg 210w, https:\/\/ihrezahnaerztin.ch\/wp-content\/uploads\/2018\/06\/my-photo.ch__myp2627-768x1099.jpg 768w, https:\/\/ihrezahnaerztin.ch\/wp-content\/uploads\/2018\/06\/my-photo.ch__myp2627-715x1024.jpg 715w\" sizes=\"auto, (max-width: 210px) 100vw, 210px\" \/><\/p>\n<table width=\"100%\">\n<tbody>\n<tr>\n<td class=\"titel\" width=\"100%\"><em><strong>AUSBILDUNG<\/strong><\/em><\/td>\n<\/tr>\n<tr>\n<td class=\"text\" width=\"100%\">\n<table class=\"ae_noborder\" border=\"0\" cellspacing=\"0\" cellpadding=\"2\">\n<tbody>\n<tr valign=\"top\">\n<td nowrap=\"nowrap\">2011-2014<\/td>\n<td>Master of Advanced Science in Parodontologie an der Universit\u00e4t Z\u00fcrich<\/td>\n<\/tr>\n<tr>\n<td>2010<\/td>\n<td>Praxis\u00fcbernahme in M\u00e4nnedorf<\/td>\n<\/tr>\n<tr>\n<td>2010<\/td>\n<td>Curriculum Implantotologie der DGI<\/td>\n<\/tr>\n<tr>\n<td>2004-2010<\/td>\n<td>Zahn\u00e4rztin in 3 verschiedenen Privatpraxen<\/td>\n<\/tr>\n<tr>\n<td>2007<\/td>\n<td>Promotion zum Dr. med. dent. an der Universit\u00e4t Z\u00fcrich<\/td>\n<\/tr>\n<tr>\n<td>2003<\/td>\n<td>Staatsexamen an der Universit\u00e4t Z\u00fcrich<\/td>\n<\/tr>\n<\/tbody>\n<\/table>\n<p>Durch laufende, intensive Fortbildungen im In- und Ausland, insbesondere in den Bereichen Implantologie, Oralchirurgie, Parodontologie und \u00e4sthetische Zahnmedizin, bin ich stets auf dem neusten Stand der Zahnmedizin.<\/td>\n<\/tr>\n<\/tbody>\n<\/table>\n<table width=\"100%\">\n<tbody>\n<tr>\n<td class=\"titel\" width=\"100%\"><em><strong>T\u00c4TIGKEITEN UND MITGLIEDSCHAFTEN\u00a0<\/strong><\/em><\/td>\n<\/tr>\n<tr>\n<td class=\"text\" width=\"100%\">Pr\u00e4sidentin der Schule Z\u00fcrich f\u00fcr Dentalassistent\/in (SZDA)<br \/>\n<span class=\"s1\">Lehrbeauftragte der Schule Z\u00fcrich f\u00fcr Dentalassistent\/in (SZDA)<br \/>\n<\/span><span class=\"s1\">Pr\u00fcfungsexpertin Lehrabschlusspr\u00fcfungen Dentalassistent\/in EFZ<\/span><\/p>\n<p>SSO Schweiz\u2013 Schweizerische Zahn\u00e4rzte Gesellschaft<br \/>\nSSO Z\u00fcrich\u2013 Schweizersiche Zahn\u00e4rzte Gesellschaft des Kantons Z\u00fcrich<br \/>\nSSP \u2013 Schweizerische Gesellschaft f\u00fcr Parodontologie<br \/>\nDGI \u2013 Deutsche Gesellschaft f\u00fcr Implantologie im Zahn-, Mund- und Kieferbereich<br \/>\nDGZMK \u2013 Deutsche Gesellschaft f\u00fcr Zahn-, Mund- und Kieferheilkunde<\/td>\n<\/tr>\n<\/tbody>\n<\/table>\n<p><!--more--><\/p>\n<p><!--more--><\/p>\n<p><!--more--><\/p>\n<table width=\"100%\">\n<tbody>\n<tr>\n<td class=\"titel\" width=\"100%\"><em><strong>SPRACHEN<\/strong><\/em><\/td>\n<\/tr>\n<tr>\n<td class=\"text\" width=\"100%\">Deutsch, Italienisch, Spanisch, Englisch, Franz\u00f6sisch<\/td>\n<\/tr>\n<\/tbody>\n<\/table>\n","protected":false},"excerpt":{"rendered":"<p>&nbsp; AUSBILDUNG 2011-2014 Master of Advanced Science in Parodontologie an der Universit\u00e4t Z\u00fcrich 2010 Praxis\u00fcbernahme in M\u00e4nnedorf 2010 Curriculum Implantotologie der DGI 2004-2010 Zahn\u00e4rztin in 3 verschiedenen Privatpraxen 2007 Promotion zum Dr. med. dent. an der Universit\u00e4t Z\u00fcrich 2003 Staatsexamen an der Universit\u00e4t Z\u00fcrich Durch laufende, intensive Fortbildungen im In- und Ausland, insbesondere in den&#8230; <\/p>\n","protected":false},"author":1,"featured_media":0,"parent":0,"menu_order":0,"comment_status":"closed","ping_status":"closed","template":"full-width.php","meta":{"footnotes":""},"class_list":["post-223","page","type-page","status-publish","hentry"],"_links":{"self":[{"href":"https:\/\/ihrezahnaerztin.ch\/index.php?rest_route=\/wp\/v2\/pages\/223","targetHints":{"allow":["GET"]}}],"collection":[{"href":"https:\/\/ihrezahnaerztin.ch\/index.php?rest_route=\/wp\/v2\/pages"}],"about":[{"href":"https:\/\/ihrezahnaerztin.ch\/index.php?rest_route=\/wp\/v2\/types\/page"}],"author":[{"embeddable":true,"href":"https:\/\/ihrezahnaerztin.ch\/index.php?rest_route=\/wp\/v2\/users\/1"}],"replies":[{"embeddable":true,"href":"https:\/\/ihrezahnaerztin.ch\/index.php?rest_route=%2Fwp%2Fv2%2Fcomments&post=223"}],"version-history":[{"count":7,"href":"https:\/\/ihrezahnaerztin.ch\/index.php?rest_route=\/wp\/v2\/pages\/223\/revisions"}],"predecessor-version":[{"id":392,"href":"https:\/\/ihrezahnaerztin.ch\/index.php?rest_route=\/wp\/v2\/pages\/223\/revisions\/392"}],"wp:attachment":[{"href":"https:\/\/ihrezahnaerztin.ch\/index.php?rest_route=%2Fwp%2Fv2%2Fmedia&parent=223"}],"curies":[{"name":"wp","href":"https:\/\/api.w.org\/{rel}","templated":true}]}}